{"id":398,"date":"2024-05-31T12:02:59","date_gmt":"2024-05-31T12:02:59","guid":{"rendered":"https:\/\/colstonedesign.com\/?page_id=398"},"modified":"2024-06-04T07:52:42","modified_gmt":"2024-06-04T07:52:42","slug":"design-center","status":"publish","type":"page","link":"https:\/\/colstonedesign.com\/es\/design-center\/","title":{"rendered":"Centro de Dise\u00f1o"},"content":{"rendered":"<p>[et_pb_section fb_built=&#8221;1&#8243; admin_label=&#8221;Header&#8221; _builder_version=&#8221;4.25.1&#8243; _module_preset=&#8221;default&#8221; use_background_color_gradient=&#8221;on&#8221; background_color_gradient_direction=&#8221;90deg&#8221; background_color_gradient_stops=&#8221;#000000 30%|rgba(0,0,0,0.64) 100%&#8221; background_color_gradient_overlays_image=&#8221;on&#8221; background_image=&#8221;https:\/\/colstonedesign.com\/wp-content\/uploads\/2024\/05\/skara-brae-bar-saji-ya-sushi-005-23-1.png&#8221; parallax=&#8221;on&#8221; width=&#8221;100%&#8221; width_tablet=&#8221;&#8221; width_phone=&#8221;&#8221; width_last_edited=&#8221;on|phone&#8221; module_alignment=&#8221;center&#8221; height=&#8221;100vh&#8221; custom_margin=&#8221;||||false|false&#8221; custom_padding=&#8221;6vw||6vw||true|false&#8221; hover_enabled=&#8221;0&#8243; custom_css_main_element=&#8221;display: flex;&#8221; locked=&#8221;off&#8221; collapsed=&#8221;on&#8221; global_colors_info=&#8221;{}&#8221; height_last_edited=&#8221;on|phone&#8221; sticky_enabled=&#8221;0&#8243; height_tablet=&#8221;100%&#8221; height_phone=&#8221;100%&#8221;][et_pb_row _builder_version=&#8221;4.25.1&#8243; _module_preset=&#8221;default&#8221; global_colors_info=&#8221;{}&#8221;][et_pb_column type=&#8221;4_4&#8243; _builder_version=&#8221;4.21.0&#8243; _module_preset=&#8221;default&#8221; global_colors_info=&#8221;{}&#8221;][et_pb_text _builder_version=&#8221;4.25.1&#8243; _module_preset=&#8221;_initial&#8221; text_text_color=&#8221;#FFFFFF&#8221; header_text_align=&#8221;left&#8221; header_text_color=&#8221;#FFFFFF&#8221; header_font_size=&#8221;50px&#8221; header_line_height=&#8221;1.2em&#8221; text_orientation=&#8221;justified&#8221; width=&#8221;50%&#8221; width_tablet=&#8221;100%&#8221; width_phone=&#8221;100%&#8221; width_last_edited=&#8221;on|phone&#8221; animation_style=&#8221;fade&#8221; header_font_size_tablet=&#8221;50px&#8221; header_font_size_phone=&#8221;36px&#8221; header_font_size_last_edited=&#8221;on|desktop&#8221; global_colors_info=&#8221;{}&#8221;]<\/p>\n<h1>Colstone Design Center.<\/h1>\n<p>En Colstone ofrecemos un Centro de Dise\u00f1o exclusivo, concebido como una soluci\u00f3n integral para constructores y constructores. Nuestro Centro de dise\u00f1o se especializa en piedra y cuarzo personalizados, as\u00ed como gabinetes, para ayudarlo a dise\u00f1ar los espacios perfectos para la cocina y el ba\u00f1o.<\/p>\n<p>We invite you to utilize our showroom for a hands-on experience with our products and to meet our team of experts who are ready to assist you in your projects. As a partner, you&#8217;ll have access to our extensive range of premium materials, receive professional advice, and enjoy the benefits of our comprehensive support. Join us in creating exquisite spaces that resonate with style, quality, and functionality.[\/et_pb_text][\/et_pb_column][\/et_pb_row][\/et_pb_section][et_pb_section fb_built=&#8221;1&#8243; _builder_version=&#8221;4.25.1&#8243; _module_preset=&#8221;default&#8221; global_colors_info=&#8221;{}&#8221;][et_pb_row _builder_version=&#8221;4.25.1&#8243; _module_preset=&#8221;default&#8221; global_colors_info=&#8221;{}&#8221;][et_pb_column type=&#8221;4_4&#8243; _builder_version=&#8221;4.25.1&#8243; _module_preset=&#8221;default&#8221; global_colors_info=&#8221;{}&#8221;][et_pb_text _builder_version=&#8221;4.25.1&#8243; _module_preset=&#8221;default&#8221; text_text_color=&#8221;#000000&#8243; text_orientation=&#8221;center&#8221; global_colors_info=&#8221;{}&#8221;]<\/p>\n<p>En la industria de la construcci\u00f3n, encontrar los materiales adecuados para los proyectos de construcci\u00f3n puede resultar un desaf\u00edo. Es dif\u00edcil encontrar un socio que ofrezca productos de alta calidad, asesoramiento experto y soporte integral, con diferentes materiales en el mismo lugar.<\/p>\n<p>En Colstone, hemos creado un Centro de Dise\u00f1o \u00fanico para abordar estos problemas. Con m\u00e1s de 20 a\u00f1os de experiencia en la industria, nos especializamos en proporcionar piedra natural y cuarzo personalizados, as\u00ed como gabinetes para espacios perfectos de cocina y ba\u00f1o.<\/p>\n<p>[\/et_pb_text][\/et_pb_column][\/et_pb_row][\/et_pb_section][et_pb_section fb_built=&#8221;1&#8243; admin_label=&#8221;Feature&#8221; _builder_version=&#8221;4.25.1&#8243; _module_preset=&#8221;default&#8221; background_color=&#8221;#f7f7f7&#8243; locked=&#8221;off&#8221; collapsed=&#8221;on&#8221; global_colors_info=&#8221;{}&#8221;][et_pb_row column_structure=&#8221;1_2,1_2&#8243; _builder_version=&#8221;4.25.1&#8243; _module_preset=&#8221;default&#8221; locked=&#8221;off&#8221; global_colors_info=&#8221;{}&#8221;][et_pb_column type=&#8221;1_2&#8243; _builder_version=&#8221;4.25.1&#8243; _module_preset=&#8221;default&#8221; background_enable_image=&#8221;off&#8221; animation_style=&#8221;slide&#8221; animation_direction=&#8221;left&#8221; animation_intensity_slide=&#8221;10%&#8221; global_colors_info=&#8221;{}&#8221;][et_pb_image src=&#8221;https:\/\/colstonedesign.com\/wp-content\/uploads\/2024\/05\/85446cb1-294f-4266-b631-b94804317faf.jpg&#8221; title_text=&#8221;85446cb1-294f-4266-b631-b94804317faf&#8221; _builder_version=&#8221;4.25.1&#8243; _module_preset=&#8221;default&#8221; background_image=&#8221;https:\/\/colstonedesign.com\/wp-content\/uploads\/2024\/05\/home-decor-22.jpg&#8221; scroll_vertical_motion=&#8221;0|55|55|100|4|0|-4&#8243; border_radii=&#8221;on|5px|5px|5px|5px&#8221; global_colors_info=&#8221;{}&#8221;][\/et_pb_image][\/et_pb_column][et_pb_column type=&#8221;1_2&#8243; _builder_version=&#8221;4.25.1&#8243; _module_preset=&#8221;default&#8221; z_index=&#8221;10&#8243; animation_style=&#8221;slide&#8221; animation_direction=&#8221;right&#8221; animation_intensity_slide=&#8221;10%&#8221; global_colors_info=&#8221;{}&#8221;][et_pb_text _builder_version=&#8221;4.25.1&#8243; _module_preset=&#8221;_initial&#8221; header_2_text_color=&#8221;#000000&#8243; header_2_font_size=&#8221;50px&#8221; header_2_line_height=&#8221;1.1em&#8221; custom_margin=&#8221;||10px||false|false&#8221; custom_padding=&#8221;||||false|false&#8221; header_2_font_size_tablet=&#8221;40px&#8221; header_2_font_size_phone=&#8221;40px&#8221; header_2_font_size_last_edited=&#8221;on|desktop&#8221; global_colors_info=&#8221;{}&#8221;]<\/p>\n<h2>\u00bfPor qu\u00e9 visitar nuestro centro de dise\u00f1o?<\/h2>\n<p>[\/et_pb_text][et_pb_text _builder_version=&#8221;4.25.1&#8243; _module_preset=&#8221;_initial&#8221; text_text_color=&#8221;#000000&#8243; text_orientation=&#8221;justified&#8221; text_font_size_tablet=&#8221;16px&#8221; text_font_size_phone=&#8221;16px&#8221; text_font_size_last_edited=&#8221;on|desktop&#8221; global_colors_info=&#8221;{}&#8221;]By visiting our Design Center, you gain first-hand experience with our wide range of premium materials. You also get to meet our team of experts who can provide professional advice tailored to your specific needs. With our comprehensive support, we ensure your projects run smoothly from start to finish.<\/p>\n<p>Our Design Center features a vast showroom offering a hands-on experience with our products. As a partner, you&#8217;ll have access to our extensive product range, receive professional advice, and enjoy the benefits of our comprehensive support.[\/et_pb_text][\/et_pb_column][\/et_pb_row][\/et_pb_section][et_pb_section fb_built=&#8221;1&#8243; custom_padding_last_edited=&#8221;on|tablet&#8221; admin_label=&#8221;Call to Action&#8221; _builder_version=&#8221;4.25.1&#8243; _module_preset=&#8221;default&#8221; background_color=&#8221;#f7f7f7&#8243; custom_padding=&#8221;0px||20px||false|false&#8221; custom_padding_tablet=&#8221;0px||0px||false|false&#8221; custom_padding_phone=&#8221;0px||0px||false|false&#8221; locked=&#8221;off&#8221; collapsed=&#8221;on&#8221; global_colors_info=&#8221;{}&#8221;][et_pb_row column_structure=&#8221;2_5,3_5&#8243; use_custom_gutter=&#8221;on&#8221; gutter_width=&#8221;1&#8243; make_equal=&#8221;on&#8221; _builder_version=&#8221;4.25.1&#8243; _module_preset=&#8221;default&#8221; width=&#8221;94%&#8221; width_tablet=&#8221;100%&#8221; width_phone=&#8221;100%&#8221; width_last_edited=&#8221;on|desktop&#8221; max_width=&#8221;2000px&#8221; global_colors_info=&#8221;{}&#8221;][et_pb_column type=&#8221;2_5&#8243; _builder_version=&#8221;4.25.1&#8243; _module_preset=&#8221;default&#8221; background_color=&#8221;#343434&#8243; custom_padding=&#8221;7vw|50px|7vw|50px|true|true&#8221; custom_padding_tablet=&#8221;|70px||70px|true|true&#8221; custom_padding_phone=&#8221;40px|40px|40px|40px|true|true&#8221; custom_padding_last_edited=&#8221;on|desktop&#8221; custom_css_main_element=&#8221;display: flex;||flex-direction: column;||justify-content: center;&#8221; border_radii=&#8221;on|3px|3px|3px|3px&#8221; global_colors_info=&#8221;{}&#8221;][et_pb_text _builder_version=&#8221;4.25.1&#8243; _module_preset=&#8221;_initial&#8221; header_3_text_color=&#8221;#FFFFFF&#8221; header_3_font_size=&#8221;45px&#8221; custom_margin=&#8221;||10px||false|false&#8221; header_3_font_size_tablet=&#8221;40px&#8221; header_3_font_size_phone=&#8221;32px&#8221; header_3_font_size_last_edited=&#8221;on|desktop&#8221; global_colors_info=&#8221;{}&#8221;]<\/p>\n<h3>Sobre nosotros<\/h3>\n<p>[\/et_pb_text][et_pb_text _builder_version=&#8221;4.25.1&#8243; _module_preset=&#8221;_initial&#8221; text_text_color=&#8221;#FFFFFF&#8221; text_line_height=&#8221;1.6em&#8221; text_orientation=&#8221;justified&#8221; text_font_size_tablet=&#8221;16px&#8221; text_font_size_phone=&#8221;16px&#8221; text_font_size_last_edited=&#8221;on|desktop&#8221; global_colors_info=&#8221;{}&#8221;]<\/p>\n<p>Somos un equipo de expertos comprometidos en ayudarle en sus proyectos. Hemos pasado las \u00faltimas dos d\u00e9cadas formando relaciones s\u00f3lidas en la industria, comprendiendo las necesidades de los constructores y constructores y perfeccionando nuestro oficio para brindar servicios de primer nivel.<\/p>\n<p>[\/et_pb_text][\/et_pb_column][et_pb_column type=&#8221;3_5&#8243; _builder_version=&#8221;4.25.1&#8243; _module_preset=&#8221;default&#8221; background_image=&#8221;https:\/\/colstonedesign.com\/wp-content\/uploads\/2024\/05\/DSC_0379-scaled.webp&#8221; custom_padding=&#8221;25%||25%||true|false&#8221; border_radii=&#8221;on|3px|3px|3px|3px&#8221; global_colors_info=&#8221;{}&#8221;][et_pb_divider show_divider=&#8221;off&#8221; _builder_version=&#8221;4.21.0&#8243; _module_preset=&#8221;default&#8221; height_tablet=&#8221;40vw&#8221; height_phone=&#8221;40vw&#8221; height_last_edited=&#8221;on|desktop&#8221; locked=&#8221;off&#8221; global_colors_info=&#8221;{}&#8221;][\/et_pb_divider][\/et_pb_column][\/et_pb_row][\/et_pb_section][et_pb_section fb_built=&#8221;1&#8243; admin_label=&#8221;FAQ&#8221; _builder_version=&#8221;4.25.1&#8243; background_color=&#8221;#f7f7f7&#8243; global_colors_info=&#8221;{}&#8221;][et_pb_row column_structure=&#8221;1_3,2_3&#8243; _builder_version=&#8221;4.25.1&#8243; global_colors_info=&#8221;{}&#8221;][et_pb_column type=&#8221;1_3&#8243; _builder_version=&#8221;4.16&#8243; custom_padding=&#8221;|||&#8221; global_colors_info=&#8221;{}&#8221; custom_padding__hover=&#8221;|||&#8221;][et_pb_image src=&#8221;https:\/\/colstonedesign.com\/wp-content\/uploads\/2024\/05\/DSC_0470-scaled.webp&#8221; title_text=&#8221;DSC_0470&#8243; force_fullwidth=&#8221;on&#8221; _builder_version=&#8221;4.25.1&#8243; _module_preset=&#8221;default&#8221; scroll_scaling=&#8221;0|55|55|100|70|100|100&#8243; border_radii=&#8221;on|4px|4px|4px|4px&#8221; global_colors_info=&#8221;{}&#8221;][\/et_pb_image][et_pb_image src=&#8221;https:\/\/colstonedesign.com\/wp-content\/uploads\/2024\/05\/DSC_0345-scaled.webp&#8221; title_text=&#8221;DSC_0345&#8243; force_fullwidth=&#8221;on&#8221; _builder_version=&#8221;4.25.1&#8243; _module_preset=&#8221;default&#8221; scroll_scaling=&#8221;0|39|39|100|70|100|100&#8243; border_radii=&#8221;on|4px|4px|4px|4px&#8221; global_colors_info=&#8221;{}&#8221;][\/et_pb_image][\/et_pb_column][et_pb_column type=&#8221;2_3&#8243; _builder_version=&#8221;4.25.1&#8243; custom_padding=&#8221;|||&#8221; custom_css_main_element=&#8221;display: flex; ||flex-direction: column;||justify-content: center;&#8221; global_colors_info=&#8221;{}&#8221; custom_padding__hover=&#8221;|||&#8221;][et_pb_text _builder_version=&#8221;4.25.1&#8243; text_font=&#8221;||||||||&#8221; header_font=&#8221;||||||||&#8221; header_2_text_color=&#8221;#000000&#8243; header_2_font_size=&#8221;50px&#8221; header_2_line_height=&#8221;1.2em&#8221; custom_margin=&#8221;|||&#8221; custom_padding=&#8221;|||&#8221; header_2_font_size_tablet=&#8221;&#8221; header_2_font_size_phone=&#8221;36px&#8221; header_2_font_size_last_edited=&#8221;on|phone&#8221; locked=&#8221;off&#8221; global_colors_info=&#8221;{}&#8221;]<\/p>\n<h2>Preguntas frecuentes<\/h2>\n<p>[\/et_pb_text][et_pb_accordion closed_toggle_text_color=&#8221;#000000&#8243; closed_toggle_background_color=&#8221;#ffffff&#8221; toggle_icon=&#8221;&#xe04c;||divi||400&#8243; icon_color=&#8221;#D39E29&#8243; _builder_version=&#8221;4.25.1&#8243; toggle_font=&#8221;Rubik|700|||||||&#8221; toggle_font_size=&#8221;18px&#8221; toggle_line_height=&#8221;1.4em&#8221; closed_toggle_font=&#8221;Raleway|800|||||||&#8221; body_font=&#8221;Raleway||||||||&#8221; body_text_color=&#8221;#343434&#8243; body_font_size=&#8221;16px&#8221; body_line_height=&#8221;1.8em&#8221; custom_margin=&#8221;||||false|false&#8221; custom_padding=&#8221;|||&#8221; border_radii=&#8221;on|4px|4px|4px|4px&#8221; border_width_top=&#8221;0px&#8221; border_color_top=&#8221;#D39E29&#8243; border_width_bottom=&#8221;2px&#8221; border_color_bottom=&#8221;rgba(211,158,41,0.81)&#8221; global_colors_info=&#8221;{}&#8221;][et_pb_accordion_item title=&#8221;What types of materials do you specialize in at your Design Center?&#8221; open=&#8221;on&#8221; _builder_version=&#8221;4.25.1&#8243; body_font=&#8221;Raleway||||||||&#8221; body_text_color=&#8221;#343434&#8243; body_font_size=&#8221;16px&#8221; custom_margin=&#8221;1px||1px||true&#8221; global_colors_info=&#8221;{}&#8221; toggle_text_color=&#8221;#000000&#8243; toggle_level=&#8221;h3&#8243; toggle_font=&#8221;Raleway|700|||||||&#8221; toggle_font_size_tablet=&#8221;&#8221; toggle_font_size_phone=&#8221;&#8221; toggle_font_size_last_edited=&#8221;on|desktop&#8221;]Our Design Center specializes in custom stone and quartz, as well as cabinets for the perfect kitchen and bathroom spaces.<\/p>\n<p>\u00bfNecesito programar una cita para visitar el Centro de dise\u00f1o o puedo simplemente entrar?<br \/>\nWhile walk-ins are welcome, we recommend scheduling an appointment to ensure that a member of our team is available to assist you.[\/et_pb_accordion_item][et_pb_accordion_item title=&#8221;Do I need to schedule an appointment to visit the Design Center, or can I just walk in?&#8221; _builder_version=&#8221;4.25.1&#8243; body_font=&#8221;Raleway||||||||&#8221; body_text_color=&#8221;#343434&#8243; body_font_size=&#8221;16px&#8221; custom_margin=&#8221;1px||1px||true&#8221; global_colors_info=&#8221;{}&#8221; toggle_text_color=&#8221;#000000&#8243; toggle_level=&#8221;h3&#8243; toggle_font=&#8221;Raleway|700|||||||&#8221; toggle_font_size_tablet=&#8221;&#8221; toggle_font_size_phone=&#8221;&#8221; toggle_font_size_last_edited=&#8221;on|desktop&#8221; open=&#8221;off&#8221;]While walk-ins are welcome, we recommend scheduling an appointment to ensure that a member of our team is available to assist you.[\/et_pb_accordion_item][et_pb_accordion_item title=&#8221;Can I bring my clients with me to the Design Center?&#8221; _builder_version=&#8221;4.25.1&#8243; custom_margin=&#8221;1px||1px||true&#8221; global_colors_info=&#8221;{}&#8221; open=&#8221;off&#8221;]Absolutely! We encourage you to bring your clients to our Design Center. It&#8217;s a great opportunity for them to see and feel the materials first-hand.[\/et_pb_accordion_item][et_pb_accordion_item title=&#8221;What kind of support can I expect to receive as a partner with Colstone?&#8221; _builder_version=&#8221;4.25.1&#8243; custom_margin=&#8221;1px||1px||true&#8221; global_colors_info=&#8221;{}&#8221; open=&#8221;off&#8221;]As a partner with Colstone, you can expect to receive professional advice, access to our extensive range of premium materials, and comprehensive support from our team of experts.[\/et_pb_accordion_item][et_pb_accordion_item title=&#8221;Are there any benefits or discounts available for constructors and builders who partner with Colstone?&#8221; _builder_version=&#8221;4.25.1&#8243; custom_margin=&#8221;1px||1px||true&#8221; global_colors_info=&#8221;{}&#8221; open=&#8221;off&#8221;]Yes, we offer a variety of benefits for our partners. Please contact us for more details on the specific benefits and discounts available for constructors and builders.[\/et_pb_accordion_item][\/et_pb_accordion][\/et_pb_column][\/et_pb_row][\/et_pb_section][et_pb_section fb_built=&#8221;1&#8243; _builder_version=&#8221;4.25.1&#8243; background_enable_color=&#8221;off&#8221; use_background_color_gradient=&#8221;on&#8221; background_color_gradient_stops=&#8221;#343434 19%|rgba(52,52,52,0.75) 100%&#8221; background_image=&#8221;https:\/\/colstonedesign.com\/wp-content\/uploads\/2024\/05\/macbeth-kitchen-modern-design-001-24_IG-1240&#215;1240-1.png&#8221; background_blend=&#8221;multiply&#8221; custom_padding=&#8221;100px|0px|100px|0px|true|false&#8221; global_colors_info=&#8221;{}&#8221;][et_pb_row _builder_version=&#8221;4.16&#8243; global_colors_info=&#8221;{}&#8221;][et_pb_column type=&#8221;4_4&#8243; _builder_version=&#8221;4.16&#8243; custom_padding=&#8221;|||&#8221; global_colors_info=&#8221;{}&#8221; custom_padding__hover=&#8221;|||&#8221;][et_pb_text _builder_version=&#8221;4.25.1&#8243; text_text_color=&#8221;#FFFFFF&#8221; header_font=&#8221;||||||||&#8221; header_2_text_color=&#8221;#FFFFFF&#8221; header_2_line_height=&#8221;1.2em&#8221; text_orientation=&#8221;center&#8221; width=&#8221;80%&#8221; module_alignment=&#8221;center&#8221; custom_margin=&#8221;|||&#8221; custom_padding=&#8221;|||&#8221; header_2_font_size_tablet=&#8221;&#8221; header_2_font_size_phone=&#8221;36px&#8221; header_2_font_size_last_edited=&#8221;on|desktop&#8221; locked=&#8221;off&#8221; global_colors_info=&#8221;{}&#8221;]<\/p>\n<h2>Contacta con nosotros<\/h2>\n<p>Para obtener m\u00e1s informaci\u00f3n sobre nuestro Centro de Dise\u00f1o, no dude en contactarnos a trav\u00e9s de nuestro sitio web. Encontrar\u00e1 nuestra informaci\u00f3n de contacto, el horario de atenci\u00f3n de la sala de exposici\u00f3n y la oportunidad de programar una consulta con nuestro equipo de expertos.<\/p>\n<p>\u00danase a nosotros en Colstone para crear espacios exquisitos que resuenen con estilo, calidad y funcionalidad.<\/p>\n<p>[\/et_pb_text][et_pb_button button_url=&#8221;https:\/\/colstonedesign.com\/visit-us#contact&#8221; button_text=&#8221;CONTACT&#8221; button_alignment=&#8221;center&#8221; _builder_version=&#8221;4.25.1&#8243; _module_preset=&#8221;_initial&#8221; button_text_color=&#8221;#333333&#8243; button_bg_color=&#8221;#FFFFFF&#8221; button_border_width=&#8221;0px&#8221; button_border_radius=&#8221;0px&#8221; button_letter_spacing=&#8221;0.16em&#8221; button_font=&#8221;Inter|700||on|||||&#8221; custom_padding=&#8221;18px|24px|18px|24px|true|true&#8221; animation_style=&#8221;slide&#8221; animation_direction=&#8221;bottom&#8221; animation_intensity_slide=&#8221;10%&#8221; locked=&#8221;off&#8221; global_colors_info=&#8221;{}&#8221;][\/et_pb_button][\/et_pb_column][\/et_pb_row][\/et_pb_section]<\/p>","protected":false},"excerpt":{"rendered":"<p>Colstone Design Center. At Colstone, we offer an exclusive Design Center, conceived as a one-stop solution for constructors and builders. Our Design Center specializes in custom stone and quartz, as well as cabinets, to help you design the perfect kitchen and bathroom spaces. We invite you to utilize our showroom for a hands-on experience with [&hellip;]<\/p>","protected":false},"author":1,"featured_media":0,"parent":0,"menu_order":0,"comment_status":"closed","ping_status":"closed","template":"","meta":{"_et_pb_use_builder":"on","_et_pb_old_content":"","_et_gb_content_width":"","footnotes":""},"_links":{"self":[{"href":"https:\/\/colstonedesign.com\/es\/wp-json\/wp\/v2\/pages\/398"}],"collection":[{"href":"https:\/\/colstonedesign.com\/es\/wp-json\/wp\/v2\/pages"}],"about":[{"href":"https:\/\/colstonedesign.com\/es\/wp-json\/wp\/v2\/types\/page"}],"author":[{"embeddable":true,"href":"https:\/\/colstonedesign.com\/es\/wp-json\/wp\/v2\/users\/1"}],"replies":[{"embeddable":true,"href":"https:\/\/colstonedesign.com\/es\/wp-json\/wp\/v2\/comments?post=398"}],"version-history":[{"count":13,"href":"https:\/\/colstonedesign.com\/es\/wp-json\/wp\/v2\/pages\/398\/revisions"}],"predecessor-version":[{"id":623,"href":"https:\/\/colstonedesign.com\/es\/wp-json\/wp\/v2\/pages\/398\/revisions\/623"}],"wp:attachment":[{"href":"https:\/\/colstonedesign.com\/es\/wp-json\/wp\/v2\/media?parent=398"}],"curies":[{"name":"wp","href":"https:\/\/api.w.org\/{rel}","templated":true}]}}