{"id":442,"date":"2024-06-03T21:40:16","date_gmt":"2024-06-03T21:40:16","guid":{"rendered":"https:\/\/colstonedesign.com\/?page_id=442"},"modified":"2024-06-03T21:50:04","modified_gmt":"2024-06-03T21:50:04","slug":"about-us","status":"publish","type":"page","link":"https:\/\/colstonedesign.com\/es\/about-us\/","title":{"rendered":"Sobre nosotros"},"content":{"rendered":"<p>[et_pb_section fb_built=&#8221;1&#8243; admin_label=&#8221;Header&#8221; _builder_version=&#8221;4.25.1&#8243; _module_preset=&#8221;default&#8221; use_background_color_gradient=&#8221;on&#8221; background_color_gradient_direction=&#8221;90deg&#8221; background_color_gradient_stops=&#8221;#000000 0%|rgba(0,0,0,0.64) 100%&#8221; background_color_gradient_overlays_image=&#8221;on&#8221; background_image=&#8221;https:\/\/colstonedesign.com\/wp-content\/uploads\/2024\/06\/DSC_0056-1.jpg&#8221; background_position=&#8221;top_center&#8221; background_vertical_offset=&#8221;38%&#8221; width=&#8221;100%&#8221; width_tablet=&#8221;&#8221; width_phone=&#8221;&#8221; width_last_edited=&#8221;on|phone&#8221; module_alignment=&#8221;center&#8221; custom_margin=&#8221;||||false|false&#8221; custom_padding=&#8221;||||true|false&#8221; custom_css_main_element=&#8221;display: flex;&#8221; locked=&#8221;off&#8221; collapsed=&#8221;on&#8221; global_colors_info=&#8221;{}&#8221;][et_pb_row _builder_version=&#8221;4.25.1&#8243; _module_preset=&#8221;default&#8221; global_colors_info=&#8221;{}&#8221;][et_pb_column type=&#8221;4_4&#8243; _builder_version=&#8221;4.21.0&#8243; _module_preset=&#8221;default&#8221; global_colors_info=&#8221;{}&#8221;][et_pb_text _builder_version=&#8221;4.25.1&#8243; _module_preset=&#8221;_initial&#8221; header_text_align=&#8221;left&#8221; header_text_color=&#8221;#FFFFFF&#8221; header_font_size=&#8221;80px&#8221; header_line_height=&#8221;1.2em&#8221; text_orientation=&#8221;center&#8221; width=&#8221;50%&#8221; width_tablet=&#8221;100%&#8221; width_phone=&#8221;100%&#8221; width_last_edited=&#8221;on|phone&#8221; animation_style=&#8221;fade&#8221; header_font_size_tablet=&#8221;50px&#8221; header_font_size_phone=&#8221;36px&#8221; header_font_size_last_edited=&#8221;on|desktop&#8221; global_colors_info=&#8221;{}&#8221;]<\/p>\n<h1>Sobre nosotros<\/h1>\n<p>[\/et_pb_text][\/et_pb_column][\/et_pb_row][\/et_pb_section][et_pb_section fb_built=&#8221;1&#8243; admin_label=&#8221;Feature&#8221; _builder_version=&#8221;4.21.0&#8243; _module_preset=&#8221;default&#8221; locked=&#8221;off&#8221; collapsed=&#8221;on&#8221; global_colors_info=&#8221;{}&#8221;][et_pb_row column_structure=&#8221;1_2,1_2&#8243; _builder_version=&#8221;4.25.1&#8243; _module_preset=&#8221;default&#8221; locked=&#8221;off&#8221; global_colors_info=&#8221;{}&#8221;][et_pb_column type=&#8221;1_2&#8243; _builder_version=&#8221;4.25.1&#8243; _module_preset=&#8221;default&#8221; background_enable_image=&#8221;off&#8221; animation_style=&#8221;slide&#8221; animation_direction=&#8221;left&#8221; animation_intensity_slide=&#8221;10%&#8221; global_colors_info=&#8221;{}&#8221;][et_pb_image src=&#8221;https:\/\/colstonedesign.com\/wp-content\/uploads\/2024\/06\/DSC_0470-1.jpg&#8221; title_text=&#8221;DSC_0470 (1)&#8221; _builder_version=&#8221;4.25.1&#8243; _module_preset=&#8221;default&#8221; background_image=&#8221;https:\/\/colstonedesign.com\/wp-content\/uploads\/2024\/05\/home-decor-22.jpg&#8221; border_radii=&#8221;on|5px|5px|5px|5px&#8221; global_colors_info=&#8221;{}&#8221;][\/et_pb_image][\/et_pb_column][et_pb_column type=&#8221;1_2&#8243; _builder_version=&#8221;4.25.1&#8243; _module_preset=&#8221;default&#8221; z_index=&#8221;10&#8243; animation_style=&#8221;slide&#8221; animation_direction=&#8221;right&#8221; animation_intensity_slide=&#8221;10%&#8221; global_colors_info=&#8221;{}&#8221;][et_pb_text _builder_version=&#8221;4.25.1&#8243; _module_preset=&#8221;_initial&#8221; header_2_text_color=&#8221;#000000&#8243; header_2_font_size=&#8221;50px&#8221; header_2_line_height=&#8221;1.1em&#8221; custom_margin=&#8221;||10px||false|false&#8221; custom_padding=&#8221;||||false|false&#8221; header_2_font_size_tablet=&#8221;40px&#8221; header_2_font_size_phone=&#8221;40px&#8221; header_2_font_size_last_edited=&#8221;on|desktop&#8221; global_colors_info=&#8221;{}&#8221;]<\/p>\n<h2>Colstone Design Center<\/h2>\n<p>[\/et_pb_text][et_pb_text _builder_version=&#8221;4.25.1&#8243; _module_preset=&#8221;_initial&#8221; text_text_color=&#8221;#000000&#8243; text_orientation=&#8221;justified&#8221; text_font_size_tablet=&#8221;16px&#8221; text_font_size_phone=&#8221;16px&#8221; text_font_size_last_edited=&#8221;on|desktop&#8221; global_colors_info=&#8221;{}&#8221;]In the construction industry, finding the right materials for building projects can be challenging. It is difficult to find a partner that provides high-quality products, expert advice, and comprehensive support, with different materials in the same place.<\/p>\n<p>At Colstone, we have created a unique Design Center to address these issues. With over 20 years of industry experience, we specialize in providing custom natural stone and quartz, as well as cabinets for the perfect kitchen and bathroom spaces.[\/et_pb_text][et_pb_image src=&#8221;https:\/\/colstonedesign.com\/wp-content\/uploads\/2024\/05\/2.png&#8221; title_text=&#8221;2&#8243; _builder_version=&#8221;4.25.1&#8243; _module_preset=&#8221;default&#8221; width=&#8221;80%&#8221; module_alignment=&#8221;center&#8221; scroll_scaling_enable=&#8221;on&#8221; global_colors_info=&#8221;{}&#8221;][\/et_pb_image][\/et_pb_column][\/et_pb_row][\/et_pb_section][et_pb_section fb_built=&#8221;1&#8243; admin_label=&#8221;Services&#8221; _builder_version=&#8221;4.25.1&#8243; _module_preset=&#8221;default&#8221; background_color=&#8221;#343434&#8243; width=&#8221;94%&#8221; max_width=&#8221;1440px&#8221; module_alignment=&#8221;center&#8221; custom_padding=&#8221;||6vw||false|false&#8221; animation_style=&#8221;slide&#8221; animation_direction=&#8221;bottom&#8221; animation_intensity_slide=&#8221;10%&#8221; hover_enabled=&#8221;0&#8243; border_radii=&#8221;on|5px|5px|5px|5px&#8221; locked=&#8221;off&#8221; collapsed=&#8221;on&#8221; global_colors_info=&#8221;{}&#8221; width_last_edited=&#8221;on|tablet&#8221; sticky_enabled=&#8221;0&#8243; width_tablet=&#8221;100%&#8221; width_phone=&#8221;100%&#8221;][et_pb_row _builder_version=&#8221;4.25.1&#8243; _module_preset=&#8221;default&#8221; global_colors_info=&#8221;{}&#8221;][et_pb_column type=&#8221;4_4&#8243; _builder_version=&#8221;4.25.1&#8243; _module_preset=&#8221;default&#8221; animation_direction=&#8221;left&#8221; global_colors_info=&#8221;{}&#8221;][et_pb_text _builder_version=&#8221;4.25.1&#8243; _module_preset=&#8221;_initial&#8221; header_2_text_color=&#8221;#FFFFFF&#8221; header_2_font_size=&#8221;50px&#8221; header_2_line_height=&#8221;1.2em&#8221; header_2_font_size_tablet=&#8221;40px&#8221; header_2_font_size_phone=&#8221;40px&#8221; header_2_font_size_last_edited=&#8221;on|desktop&#8221; locked=&#8221;off&#8221; global_colors_info=&#8221;{}&#8221;]<\/p>\n<h2>Beneficios de trabajar con nosotros<\/h2>\n<p>[\/et_pb_text][\/et_pb_column][\/et_pb_row][et_pb_row column_structure=&#8221;1_2,1_2&#8243; _builder_version=&#8221;4.25.1&#8243; _module_preset=&#8221;default&#8221; global_colors_info=&#8221;{}&#8221;][et_pb_column type=&#8221;1_2&#8243; _builder_version=&#8221;4.25.1&#8243; _module_preset=&#8221;default&#8221; animation_style=&#8221;slide&#8221; animation_direction=&#8221;bottom&#8221; animation_intensity_slide=&#8221;10%&#8221; global_colors_info=&#8221;{}&#8221;][et_pb_blurb title=&#8221;Premium Service&#8221; use_icon=&#8221;on&#8221; font_icon=&#8221;&#xf005;||fa||900&#8243; image_icon_background_color=&#8221;#e8a21f&#8221; icon_placement=&#8221;left&#8221; content_max_width=&#8221;100%&#8221; image_icon_width_tablet=&#8221;&#8221; image_icon_width_phone=&#8221;&#8221; image_icon_width_last_edited=&#8221;on|phone&#8221; _builder_version=&#8221;4.25.1&#8243; _module_preset=&#8221;_initial&#8221; header_font=&#8221;Raleway|700|||||||&#8221; header_text_color=&#8221;#FFFFFF&#8221; header_font_size=&#8221;24px&#8221; body_text_color=&#8221;#FFFFFF&#8221; image_icon_custom_padding=&#8221;20px|20px|20px|20px|true|true&#8221; animation=&#8221;off&#8221; header_font_size_tablet=&#8221;20px&#8221; header_font_size_phone=&#8221;20px&#8221; header_font_size_last_edited=&#8221;on|phone&#8221; body_font_size_tablet=&#8221;16px&#8221; body_font_size_phone=&#8221;16px&#8221; body_font_size_last_edited=&#8221;on|desktop&#8221; border_radii_image=&#8221;on|100px|100px|100px|100px&#8221; global_colors_info=&#8221;{}&#8221;]<\/p>\n<p>Nuestro equipo dedicado est\u00e1 comprometido a brindarle un servicio y soporte personalizados en cada etapa de su proyecto. Desde la consulta inicial hasta la instalaci\u00f3n final, garantizamos una experiencia perfecta de principio a fin.<\/p>\n<p>[\/et_pb_blurb][\/et_pb_column][et_pb_column type=&#8221;1_2&#8243; _builder_version=&#8221;4.25.1&#8243; _module_preset=&#8221;default&#8221; animation_style=&#8221;slide&#8221; animation_direction=&#8221;bottom&#8221; animation_intensity_slide=&#8221;10%&#8221; global_colors_info=&#8221;{}&#8221;][et_pb_blurb title=&#8221;High-Quality Materials&#8221; use_icon=&#8221;on&#8221; font_icon=&#8221;&#xf164;||fa||900&#8243; image_icon_background_color=&#8221;#e8a21f&#8221; icon_placement=&#8221;left&#8221; content_max_width=&#8221;100%&#8221; image_icon_width_tablet=&#8221;&#8221; image_icon_width_phone=&#8221;&#8221; image_icon_width_last_edited=&#8221;on|phone&#8221; _builder_version=&#8221;4.25.1&#8243; _module_preset=&#8221;_initial&#8221; header_font=&#8221;Raleway|700|||||||&#8221; header_text_color=&#8221;#FFFFFF&#8221; header_font_size=&#8221;24px&#8221; body_text_color=&#8221;#FFFFFF&#8221; image_icon_custom_padding=&#8221;20px|20px|20px|20px|true|true&#8221; animation=&#8221;off&#8221; header_font_size_tablet=&#8221;20px&#8221; header_font_size_phone=&#8221;20px&#8221; header_font_size_last_edited=&#8221;on|phone&#8221; body_font_size_tablet=&#8221;16px&#8221; body_font_size_phone=&#8221;16px&#8221; body_font_size_last_edited=&#8221;on|desktop&#8221; border_radii_image=&#8221;on|100px|100px|100px|100px&#8221; global_colors_info=&#8221;{}&#8221;]<\/p>\n<p>Solo obtenemos los mejores materiales para nuestras encimeras y gabinetes, lo que garantiza durabilidad, est\u00e9tica y rendimiento duradero. Ya sea que est\u00e9 buscando gabinetes de granito, cuarzo o personalizados, puede confiar en que nuestros productos cumplen con los m\u00e1s altos est\u00e1ndares de calidad.<\/p>\n<p>[\/et_pb_blurb][\/et_pb_column][\/et_pb_row][et_pb_row column_structure=&#8221;1_2,1_2&#8243; _builder_version=&#8221;4.25.1&#8243; _module_preset=&#8221;default&#8221; global_colors_info=&#8221;{}&#8221;][et_pb_column type=&#8221;1_2&#8243; _builder_version=&#8221;4.25.1&#8243; _module_preset=&#8221;default&#8221; animation_style=&#8221;slide&#8221; animation_direction=&#8221;bottom&#8221; animation_intensity_slide=&#8221;10%&#8221; global_colors_info=&#8221;{}&#8221;][et_pb_blurb title=&#8221;Expert Craftsmanship&#8221; use_icon=&#8221;on&#8221; font_icon=&#8221;&#xf5dc;||fa||900&#8243; image_icon_background_color=&#8221;#e8a21f&#8221; icon_placement=&#8221;left&#8221; content_max_width=&#8221;100%&#8221; image_icon_width_tablet=&#8221;&#8221; image_icon_width_phone=&#8221;&#8221; image_icon_width_last_edited=&#8221;on|phone&#8221; _builder_version=&#8221;4.25.1&#8243; _module_preset=&#8221;_initial&#8221; header_font=&#8221;Raleway|700|||||||&#8221; header_text_color=&#8221;#FFFFFF&#8221; header_font_size=&#8221;24px&#8221; body_text_color=&#8221;#FFFFFF&#8221; image_icon_custom_padding=&#8221;20px|20px|20px|20px|true|true&#8221; animation=&#8221;off&#8221; header_font_size_tablet=&#8221;20px&#8221; header_font_size_phone=&#8221;20px&#8221; header_font_size_last_edited=&#8221;on|phone&#8221; body_font_size_tablet=&#8221;16px&#8221; body_font_size_phone=&#8221;16px&#8221; body_font_size_last_edited=&#8221;on|desktop&#8221; border_radii_image=&#8221;on|100px|100px|100px|100px&#8221; global_colors_info=&#8221;{}&#8221;]With our team of skilled artisans and state-of-the-art equipment, we deliver precision-cut countertops and meticulously crafted cabinets that exceed your expectations. Attention to detail and meticulous craftsmanship are the hallmarks of our work.[\/et_pb_blurb][\/et_pb_column][et_pb_column type=&#8221;1_2&#8243; _builder_version=&#8221;4.25.1&#8243; _module_preset=&#8221;default&#8221; animation_style=&#8221;slide&#8221; animation_direction=&#8221;bottom&#8221; animation_intensity_slide=&#8221;10%&#8221; global_colors_info=&#8221;{}&#8221;][et_pb_blurb title=&#8221;Reliability and Trust&#8221; use_icon=&#8221;on&#8221; font_icon=&#8221;&#xf004;||fa||900&#8243; image_icon_background_color=&#8221;#e8a21f&#8221; icon_placement=&#8221;left&#8221; content_max_width=&#8221;100%&#8221; image_icon_width_tablet=&#8221;&#8221; image_icon_width_phone=&#8221;&#8221; image_icon_width_last_edited=&#8221;on|phone&#8221; _builder_version=&#8221;4.25.1&#8243; _module_preset=&#8221;_initial&#8221; header_font=&#8221;Raleway|700|||||||&#8221; header_text_color=&#8221;#FFFFFF&#8221; header_font_size=&#8221;24px&#8221; body_text_color=&#8221;#FFFFFF&#8221; image_icon_custom_padding=&#8221;20px|20px|20px|20px|true|true&#8221; animation=&#8221;off&#8221; header_font_size_tablet=&#8221;20px&#8221; header_font_size_phone=&#8221;20px&#8221; header_font_size_last_edited=&#8221;on|phone&#8221; body_font_size_tablet=&#8221;16px&#8221; body_font_size_phone=&#8221;16px&#8221; body_font_size_last_edited=&#8221;on|desktop&#8221; border_radii_image=&#8221;on|100px|100px|100px|100px&#8221; global_colors_info=&#8221;{}&#8221;]<\/p>\n<p>Cuando se asocia con Colstone, puede tener confianza en nuestra confiabilidad e integridad. Priorizamos la comunicaci\u00f3n clara, la entrega oportuna y los precios transparentes, asegurando que su proyecto se mantenga dentro del cronograma y el presupuesto.<\/p>\n<p>[\/et_pb_blurb][\/et_pb_column][\/et_pb_row][\/et_pb_section][et_pb_section fb_built=&#8221;1&#8243; admin_label=&#8221;Feature&#8221; _builder_version=&#8221;4.25.1&#8243; _module_preset=&#8221;default&#8221; custom_padding=&#8221;6vw||8vw||false|false&#8221; locked=&#8221;off&#8221; collapsed=&#8221;on&#8221; global_colors_info=&#8221;{}&#8221;][et_pb_row column_structure=&#8221;1_2,1_2&#8243; _builder_version=&#8221;4.25.1&#8243; _module_preset=&#8221;default&#8221; height=&#8221;100vh&#8221; hover_enabled=&#8221;0&#8243; locked=&#8221;off&#8221; global_colors_info=&#8221;{}&#8221; sticky_enabled=&#8221;0&#8243; height_last_edited=&#8221;on|tablet&#8221; height_tablet=&#8221;100%&#8221; height_phone=&#8221;100%&#8221;][et_pb_column type=&#8221;1_2&#8243; _builder_version=&#8221;4.25.1&#8243; _module_preset=&#8221;default&#8221; z_index=&#8221;10&#8243; animation_style=&#8221;slide&#8221; animation_direction=&#8221;left&#8221; animation_intensity_slide=&#8221;10%&#8221; hover_enabled=&#8221;0&#8243; custom_css_main_element=&#8221;display: flex;||flex-direction: column;||justify-content: center;||height: 100%;&#8221; global_colors_info=&#8221;{}&#8221; custom_css_main_element_last_edited=&#8221;on|tablet&#8221; custom_css_main_element_tablet=&#8221;display: block;&#8221; sticky_enabled=&#8221;0&#8243; custom_css_main_element_phone=&#8221;display: block;&#8221;][et_pb_text _builder_version=&#8221;4.25.1&#8243; _module_preset=&#8221;_initial&#8221; header_2_text_color=&#8221;#000000&#8243; header_2_font_size=&#8221;50px&#8221; header_2_line_height=&#8221;1.1em&#8221; custom_margin=&#8221;||10px||false|false&#8221; custom_padding=&#8221;||||false|false&#8221; header_2_font_size_tablet=&#8221;40px&#8221; header_2_font_size_phone=&#8221;40px&#8221; header_2_font_size_last_edited=&#8221;on|desktop&#8221; global_colors_info=&#8221;{}&#8221;]<\/p>\n<h2>Haz tu negocio<br \/>\nDestacar<\/h2>\n<p>[\/et_pb_text][et_pb_text _builder_version=&#8221;4.25.1&#8243; _module_preset=&#8221;_initial&#8221; text_text_color=&#8221;#000000&#8243; text_orientation=&#8221;justified&#8221; text_font_size_tablet=&#8221;16px&#8221; text_font_size_phone=&#8221;16px&#8221; text_font_size_last_edited=&#8221;on|desktop&#8221; global_colors_info=&#8221;{}&#8221;]Since 2005, Colstone has been a trusted partner for builders and contractors in the residential and commercial sectors. With over a decade of experience, we\u2019ve built a reputation for excellence and reliability. Our commitment to quality, precision, and customer satisfaction sets us apart in the industry.[\/et_pb_text][\/et_pb_column][et_pb_column type=&#8221;1_2&#8243; _builder_version=&#8221;4.25.1&#8243; _module_preset=&#8221;default&#8221; background_enable_image=&#8221;off&#8221; animation_style=&#8221;slide&#8221; animation_direction=&#8221;right&#8221; animation_intensity_slide=&#8221;10%&#8221; global_colors_info=&#8221;{}&#8221;][et_pb_image src=&#8221;https:\/\/colstonedesign.com\/wp-content\/uploads\/2024\/06\/DSC_0255.jpg&#8221; title_text=&#8221;DSC_0255&#8243; align=&#8221;center&#8221; _builder_version=&#8221;4.25.1&#8243; _module_preset=&#8221;default&#8221; background_enable_image=&#8221;off&#8221; height=&#8221;100vh&#8221; hover_enabled=&#8221;0&#8243; border_radii=&#8221;on|5px|5px|5px|5px&#8221; global_colors_info=&#8221;{}&#8221; height_last_edited=&#8221;on|tablet&#8221; height_tablet=&#8221;100%&#8221; sticky_enabled=&#8221;0&#8243; height_phone=&#8221;100%&#8221;][\/et_pb_image][\/et_pb_column][\/et_pb_row][\/et_pb_section][et_pb_section fb_built=&#8221;1&#8243; fullwidth=&#8221;on&#8221; _builder_version=&#8221;4.25.1&#8243; _module_preset=&#8221;default&#8221; animation_style=&#8221;fade&#8221; global_colors_info=&#8221;{}&#8221;][et_pb_fullwidth_image src=&#8221;https:\/\/colstonedesign.com\/wp-content\/uploads\/2024\/06\/DSC_0383-1.jpg&#8221; title_text=&#8221;DSC_0383 (1)&#8221; _builder_version=&#8221;4.25.1&#8243; _module_preset=&#8221;default&#8221; global_colors_info=&#8221;{}&#8221;][\/et_pb_fullwidth_image][\/et_pb_section]<\/p>","protected":false},"excerpt":{"rendered":"<p>About usColstone Design CenterIn the construction industry, finding the right materials for building projects can be challenging. It is difficult to find a partner that provides high-quality products, expert advice, and comprehensive support, with different materials in the same place. At Colstone, we have created a unique Design Center to address these issues. With over [&hellip;]<\/p>","protected":false},"author":1,"featured_media":0,"parent":0,"menu_order":0,"comment_status":"closed","ping_status":"closed","template":"","meta":{"_et_pb_use_builder":"on","_et_pb_old_content":"","_et_gb_content_width":"","footnotes":""},"_links":{"self":[{"href":"https:\/\/colstonedesign.com\/es\/wp-json\/wp\/v2\/pages\/442"}],"collection":[{"href":"https:\/\/colstonedesign.com\/es\/wp-json\/wp\/v2\/pages"}],"about":[{"href":"https:\/\/colstonedesign.com\/es\/wp-json\/wp\/v2\/types\/page"}],"author":[{"embeddable":true,"href":"https:\/\/colstonedesign.com\/es\/wp-json\/wp\/v2\/users\/1"}],"replies":[{"embeddable":true,"href":"https:\/\/colstonedesign.com\/es\/wp-json\/wp\/v2\/comments?post=442"}],"version-history":[{"count":7,"href":"https:\/\/colstonedesign.com\/es\/wp-json\/wp\/v2\/pages\/442\/revisions"}],"predecessor-version":[{"id":525,"href":"https:\/\/colstonedesign.com\/es\/wp-json\/wp\/v2\/pages\/442\/revisions\/525"}],"wp:attachment":[{"href":"https:\/\/colstonedesign.com\/es\/wp-json\/wp\/v2\/media?parent=442"}],"curies":[{"name":"wp","href":"https:\/\/api.w.org\/{rel}","templated":true}]}}